{"id":209,"date":"2024-05-10T15:49:50","date_gmt":"2024-05-10T13:49:50","guid":{"rendered":"https:\/\/vita.com.bo\/linea-invierno\/?post_type=product&#038;p=209"},"modified":"2024-05-12T23:06:28","modified_gmt":"2024-05-12T21:06:28","slug":"vitanasal-adultos-05-copy","status":"publish","type":"product","link":"https:\/\/vita.com.bo\/linea-invierno\/?product=vitanasal-adultos-05-copy","title":{"rendered":"Vitanasal Ni\u00f1os"},"content":{"rendered":"","protected":false},"excerpt":{"rendered":"<h5 class=\"sub-producto color\">Descongestionante Nasal<\/h5>\n<h6 class=\"color\">Indicaciones Terap\u00e9uticas<\/h6>\n<p>Est\u00e1 indicado para el alivio sintom\u00e1tico de la congesti\u00f3n nasal o nasofar\u00edngea, debido al resfr\u00edo com\u00fan, sinusitis, fiebre de heno y otros estados al\u00e9rgicos del tracto superior respiratoria. Rinitis al\u00e9rgica o vasomotora.<\/p>\n<p>[toggles accordion=\u00bbtrue\u00bb] [toggle title=\u00bbACCI\u00d3N TERAP\u00c9UTICA\u00bb color=\u00bbAccent-Color\u00bb id=\u00bbb1&#8243;] Descongestionante Nasal[\/toggle] [toggle title=\u00bbPRINCIPIO ACTIVO\u00bb color=\u00bbAccent-Color\u00bb id=\u00bbb2&#8243;] Cloruro de oximetazolina 0,25 mg, Agua Destilada c.s.p. 1mL.[\/toggle] [toggle title=\u00bbPRESENTACIONES\u00bb color=\u00bbAccent-Color\u00bb id=\u00bbb3&#8243;] Gotero x 15 mL<br \/>\nAtomizador x 15 mL[\/toggle] [\/toggles]<\/p>\n<p>&nbsp;<\/p>\n","protected":false},"featured_media":211,"template":"","meta":[],"product_cat":[28,45],"product_tag":[],"class_list":{"0":"post-209","1":"product","2":"type-product","3":"status-publish","4":"has-post-thumbnail","6":"product_cat-vitanasal","7":"product_cat-todos","8":"pa_alivio-para-congestion-nasal","10":"first","11":"instock","12":"shipping-taxable","13":"product-type-simple"},"_links":{"self":[{"href":"https:\/\/vita.com.bo\/linea-invierno\/index.php?rest_route=\/wp\/v3\/product\/209","targetHints":{"allow":["GET"]}}],"collection":[{"href":"https:\/\/vita.com.bo\/linea-invierno\/index.php?rest_route=\/wp\/v3\/product"}],"about":[{"href":"https:\/\/vita.com.bo\/linea-invierno\/index.php?rest_route=\/wp\/v2\/types\/product"}],"wp:featuredmedia":[{"embeddable":true,"href":"https:\/\/vita.com.bo\/linea-invierno\/index.php?rest_route=\/wp\/v2\/media\/211"}],"wp:attachment":[{"href":"https:\/\/vita.com.bo\/linea-invierno\/index.php?rest_route=%2Fwp%2Fv2%2Fmedia&parent=209"}],"wp:term":[{"taxonomy":"product_cat","embeddable":true,"href":"https:\/\/vita.com.bo\/linea-invierno\/index.php?rest_route=%2Fwp%2Fv2%2Fproduct_cat&post=209"},{"taxonomy":"product_tag","embeddable":true,"href":"https:\/\/vita.com.bo\/linea-invierno\/index.php?rest_route=%2Fwp%2Fv2%2Fproduct_tag&post=209"}],"curies":[{"name":"wp","href":"https:\/\/api.w.org\/{rel}","templated":true}]}}