{"id":215,"date":"2024-05-11T13:08:29","date_gmt":"2024-05-11T11:08:29","guid":{"rendered":"https:\/\/vita.com.bo\/linea-invierno\/?post_type=product&#038;p=215"},"modified":"2024-05-12T23:06:16","modified_gmt":"2024-05-12T21:06:16","slug":"nasal-fisiologico","status":"publish","type":"product","link":"https:\/\/vita.com.bo\/linea-invierno\/?product=nasal-fisiologico","title":{"rendered":"Nasal Fisiol\u00f3gico"},"content":{"rendered":"","protected":false},"excerpt":{"rendered":"<h5 class=\"sub-producto color\">Humectante Lubricante Nasal<\/h5>\n<h6 class=\"color\">Indicaciones Terap\u00e9uticas<\/h6>\n<p>Indicado como lubricante y humectante nasal. Alivio de la irritaci\u00f3n de las fosas nasales por humo y polvo. Para lavado de fosas y senos paranasales. Alivio de la congesti\u00f3n nasal (atrapamiento) en reci\u00e9n nacidos. Coadyuvante en el tratamiento sintomatol\u00f3gico de la gripe y resfr\u00edo.<\/p>\n<p>[toggles accordion=\u00bbtrue\u00bb] [toggle title=\u00bbACCI\u00d3N TERAP\u00c9UTICA\u00bb color=\u00bbAccent-Color\u00bb id=\u00bbb1&#8243;] Descongestionante Nasal[\/toggle] [toggle title=\u00bbPRINCIPIO ACTIVO\u00bb color=\u00bbAccent-Color\u00bb id=\u00bbb2&#8243;] Cloruro de sodio 9 mg (0.9%), Excipiente c.s.p. 1mL.[\/toggle] [toggle title=\u00bbPRESENTACIONES\u00bb color=\u00bbAccent-Color\u00bb id=\u00bbb3&#8243;] Gotero x 15 mL<br \/>\nAtomizador x 15 mL[\/toggle] [\/toggles]<\/p>\n<p>&nbsp;<\/p>\n","protected":false},"featured_media":216,"template":"","meta":[],"product_cat":[28,45],"product_tag":[],"class_list":{"0":"post-215","1":"product","2":"type-product","3":"status-publish","4":"has-post-thumbnail","6":"product_cat-vitanasal","7":"product_cat-todos","8":"pa_alivio-para-congestion-nasal","10":"first","11":"instock","12":"shipping-taxable","13":"product-type-simple"},"_links":{"self":[{"href":"https:\/\/vita.com.bo\/linea-invierno\/index.php?rest_route=\/wp\/v3\/product\/215","targetHints":{"allow":["GET"]}}],"collection":[{"href":"https:\/\/vita.com.bo\/linea-invierno\/index.php?rest_route=\/wp\/v3\/product"}],"about":[{"href":"https:\/\/vita.com.bo\/linea-invierno\/index.php?rest_route=\/wp\/v2\/types\/product"}],"wp:featuredmedia":[{"embeddable":true,"href":"https:\/\/vita.com.bo\/linea-invierno\/index.php?rest_route=\/wp\/v2\/media\/216"}],"wp:attachment":[{"href":"https:\/\/vita.com.bo\/linea-invierno\/index.php?rest_route=%2Fwp%2Fv2%2Fmedia&parent=215"}],"wp:term":[{"taxonomy":"product_cat","embeddable":true,"href":"https:\/\/vita.com.bo\/linea-invierno\/index.php?rest_route=%2Fwp%2Fv2%2Fproduct_cat&post=215"},{"taxonomy":"product_tag","embeddable":true,"href":"https:\/\/vita.com.bo\/linea-invierno\/index.php?rest_route=%2Fwp%2Fv2%2Fproduct_tag&post=215"}],"curies":[{"name":"wp","href":"https:\/\/api.w.org\/{rel}","templated":true}]}}