{"id":250,"date":"2024-05-13T19:34:32","date_gmt":"2024-05-13T17:34:32","guid":{"rendered":"https:\/\/vita.com.bo\/linea-invierno\/?post_type=product&#038;p=250"},"modified":"2024-05-13T19:51:11","modified_gmt":"2024-05-13T17:51:11","slug":"vitagrip-dia-y-noche","status":"publish","type":"product","link":"https:\/\/vita.com.bo\/linea-invierno\/?product=vitagrip-dia-y-noche","title":{"rendered":"VitaGrip D\u00eda y Noche"},"content":{"rendered":"","protected":false},"excerpt":{"rendered":"<h5 class=\"sub-producto color\">Antigripal Multis\u00edntoma<\/h5>\n<h6 style=\"color: #1a3066;\">Indicaciones Terap\u00e9uticas<\/h6>\n<p>Est\u00e1 indicado para el tratamiento sintom\u00e1tico de los estados gripales, resfriado com\u00fan, bronquitis gripal, rinitis al\u00e9rgica, fiebre de heno, fiebre que acompa\u00f1a a resfr\u00edos y gripe.<br \/>\n[tabbed_section] [tab style=\u00bbdefault\u00bb title=\u00bbVITAGRIP D\u00cdA\u00bb id=\u00bbt1&#8243;] <\/p>\n<h5 style=\"color: #f39031;\"><strong>VITAGRIP D\u00cdA<\/strong><\/h5>\n<h6 style=\"color: #1a3066;\">Beneficios<\/h6>\n<ul>\n<li>Alivia:<br \/>\n&#8211; Dolor muscular<br \/>\n&#8211; Dolor de cabeza<br \/>\n&#8211; Malestar general\n<\/li>\n<li>Descongestionante Nasal<\/li>\n<li>Controla la tos<\/li>\n<li>Reanima<\/li>\n<\/ul>\n<p>[toggles accordion=\u00bbtrue\u00bb] [toggle title=\u00bbACCI\u00d3N TERAP\u00c9UTICA\u00bb color=\u00bbAccent-Color\u00bb id=\u00bbb1&#8243;] Antigripal Multis\u00edntoma. [\/toggle] [toggle title=\u00bbPRINCIPIO ACTIVO\u00bb color=\u00bbAccent-Color\u00bb id=\u00bbb2&#8243;] Composici\u00f3n: Paracetamol 650 mg, Clorhidrato de fenilefrina 10 mg, Cafe\u00edna 30 mg, Vitamina C 500 mg, Bromhidrato de dextrometorfano 15 mg, Excipiente c.s.p. 15,5 g.[\/toggle] [toggle title=\u00bbPRESENTACIONES\u00bb color=\u00bbAccent-Color\u00bb id=\u00bbb3&#8243;]Cajas x 20 sobres de 15,5 g[\/toggle] [\/toggles]<br \/>\n [\/tab]  [tab style=\u00bbdefault\u00bb title=\u00bbVITAGRIP NOCHE\u00bb id=\u00bbt2&#8243;] <\/p>\n<h5 style=\"color: #1a3066;\"><strong>VITAGRIP NOCHE<\/strong><\/h5>\n<h6 style=\"color: #1a3066;\">Beneficios<\/h6>\n<ul>\n<li>Alivia:<br \/>\n&#8211; Dolor muscular<br \/>\n&#8211; Dolor de cabeza<br \/>\n&#8211; Malestar general\n<\/li>\n<li>Descongestionante Nasal<\/li>\n<li>Controla la tos<\/li>\n<li>Sue\u00f1o reparador<\/li>\n<\/ul>\n<p>[toggles accordion=\u00bbtrue\u00bb] [toggle title=\u00bbACCI\u00d3N TERAP\u00c9UTICA\u00bb color=\u00bbAccent-Color\u00bb id=\u00bbb1&#8243;] Antigripal Multis\u00edntoma. [\/toggle] [toggle title=\u00bbPRINCIPIO ACTIVO\u00bb color=\u00bbAccent-Color\u00bb id=\u00bbb2&#8243;] Composici\u00f3n: Paracetamol 650 mg, Clorhidrato de fenilefrina 10 mg, Maleato de clorfeniramina 4 mg, Vitamina C 500 mg, Bromhidrato de dextrometorfano 15 mg, Excipiente c.s.p. 15,5 g[\/toggle] [toggle title=\u00bbPRESENTACIONES\u00bb color=\u00bbAccent-Color\u00bb id=\u00bbb3&#8243;]Cajas x 25 sobre de 15 g[\/toggle] [\/toggles]<br \/>\n [\/tab]  [\/tabbed_section]<\/p>\n","protected":false},"featured_media":252,"template":"","meta":[],"product_cat":[44,45],"product_tag":[],"class_list":{"0":"post-250","1":"product","2":"type-product","3":"status-publish","4":"has-post-thumbnail","6":"product_cat-vitagrip","7":"product_cat-todos","8":"pa_alivio-para-gripe-resfrio","10":"first","11":"instock","12":"shipping-taxable","13":"product-type-simple"},"_links":{"self":[{"href":"https:\/\/vita.com.bo\/linea-invierno\/index.php?rest_route=\/wp\/v3\/product\/250","targetHints":{"allow":["GET"]}}],"collection":[{"href":"https:\/\/vita.com.bo\/linea-invierno\/index.php?rest_route=\/wp\/v3\/product"}],"about":[{"href":"https:\/\/vita.com.bo\/linea-invierno\/index.php?rest_route=\/wp\/v2\/types\/product"}],"wp:featuredmedia":[{"embeddable":true,"href":"https:\/\/vita.com.bo\/linea-invierno\/index.php?rest_route=\/wp\/v2\/media\/252"}],"wp:attachment":[{"href":"https:\/\/vita.com.bo\/linea-invierno\/index.php?rest_route=%2Fwp%2Fv2%2Fmedia&parent=250"}],"wp:term":[{"taxonomy":"product_cat","embeddable":true,"href":"https:\/\/vita.com.bo\/linea-invierno\/index.php?rest_route=%2Fwp%2Fv2%2Fproduct_cat&post=250"},{"taxonomy":"product_tag","embeddable":true,"href":"https:\/\/vita.com.bo\/linea-invierno\/index.php?rest_route=%2Fwp%2Fv2%2Fproduct_tag&post=250"}],"curies":[{"name":"wp","href":"https:\/\/api.w.org\/{rel}","templated":true}]}}