{"id":305,"date":"2025-06-13T20:52:02","date_gmt":"2025-06-13T18:52:02","guid":{"rendered":"https:\/\/vita.com.bo\/linea-invierno\/?post_type=product&#038;p=305"},"modified":"2025-06-13T20:56:44","modified_gmt":"2025-06-13T18:56:44","slug":"pectoral-compuesto-sin-azucar","status":"publish","type":"product","link":"https:\/\/vita.com.bo\/linea-invierno\/?product=pectoral-compuesto-sin-azucar","title":{"rendered":"Pectoral Compuesto Sin Az\u00facar"},"content":{"rendered":"","protected":false},"excerpt":{"rendered":"<h5 class=\"sub-producto color\">Antitus\u00edgeno Expectorante<\/h5>\n<h6 class=\"color\">Indicaciones Terap\u00e9uticas<\/h6>\n<p>Est\u00e1 indicado para el tratamiento sintom\u00e1tico de la tos improductiva. Tos frecuente o intensa, tos irritativa, coadyuvante en los procesos inflamatorios bronco-pulmonares. Mayor concentraci\u00f3n de principios activos: Para un alivio m\u00e1s potente.<br \/>\nAusencia de az\u00facar: Ideal para diab\u00e9ticos y personas que evitan el az\u00facar.<br \/>\nMisma concentraci\u00f3n de principios activos que el PECTORAL COMPUESTO: Mantiene la potencia y eficacia.<br \/>\nOpci\u00f3n saludable para el alivio de la tos y la congesti\u00f3n.<br \/>\nPermite un tratamiento efectivo sin afectar los niveles de glucosa en sangre.<\/p>\n<h6 style=\"color: #1a3066;\">Beneficios<\/h6>\n<ul>\n<li>SIN AZ\u00daCAR<\/li>\n<li>No produce depresi\u00f3n del centro respiratorio, aumenta la secreci\u00f3n de moco a nivel respiratorio<\/li>\n<li>Disminuye la densidad del esputo facilitando su eliminaci\u00f3n<\/li>\n<li>Estimula las gl\u00e1ndulas de la mucosa respiratoria<\/li>\n<li>Aumenta la producci\u00f3n de moco y ejercer su acci\u00f3n expectorante.<\/li>\n<\/ul>\n<p>[toggles accordion=\u00bbtrue\u00bb] [toggle title=\u00bbACCI\u00d3N TERAP\u00c9UTICA\u00bb color=\u00bbAccent-Color\u00bb id=\u00bbb1&#8243;] Antitus\u00edgeno Expectorante[\/toggle] [toggle title=\u00bbPRINCIPIO ACTIVO\u00bb color=\u00bbAccent-Color\u00bb id=\u00bbb2&#8243;] Composici\u00f3n por 5 ml contiene:<br \/>\nDextrometorfano bromhidrato 12,5 mg<br \/>\nSulfoguayacolato de potasio 62,5 mg<br \/>\nCloruro de amonio 62,5 mg<br \/>\nTintura de eucaliptus 62,5 mg<br \/>\nTintura de huira huira 56,25 mg<br \/>\nTintura de romero 62,5 mg<br \/>\nExcipiente aromatizado c.s.p. 5 mL[\/toggle] [toggle title=\u00bbPRESENTACIONES\u00bb color=\u00bbAccent-Color\u00bb id=\u00bbb3&#8243;]Frasco x 120 ml[\/toggle] [\/toggles]<\/p>\n<p>&nbsp;<\/p>\n","protected":false},"featured_media":306,"template":"","meta":[],"product_cat":[43,45],"product_tag":[],"class_list":{"0":"post-305","1":"product","2":"type-product","3":"status-publish","4":"has-post-thumbnail","6":"product_cat-jarabes","7":"product_cat-todos","8":"pa_alivio-para-tos","10":"first","11":"instock","12":"shipping-taxable","13":"product-type-simple"},"_links":{"self":[{"href":"https:\/\/vita.com.bo\/linea-invierno\/index.php?rest_route=\/wp\/v3\/product\/305","targetHints":{"allow":["GET"]}}],"collection":[{"href":"https:\/\/vita.com.bo\/linea-invierno\/index.php?rest_route=\/wp\/v3\/product"}],"about":[{"href":"https:\/\/vita.com.bo\/linea-invierno\/index.php?rest_route=\/wp\/v2\/types\/product"}],"wp:featuredmedia":[{"embeddable":true,"href":"https:\/\/vita.com.bo\/linea-invierno\/index.php?rest_route=\/wp\/v2\/media\/306"}],"wp:attachment":[{"href":"https:\/\/vita.com.bo\/linea-invierno\/index.php?rest_route=%2Fwp%2Fv2%2Fmedia&parent=305"}],"wp:term":[{"taxonomy":"product_cat","embeddable":true,"href":"https:\/\/vita.com.bo\/linea-invierno\/index.php?rest_route=%2Fwp%2Fv2%2Fproduct_cat&post=305"},{"taxonomy":"product_tag","embeddable":true,"href":"https:\/\/vita.com.bo\/linea-invierno\/index.php?rest_route=%2Fwp%2Fv2%2Fproduct_tag&post=305"}],"curies":[{"name":"wp","href":"https:\/\/api.w.org\/{rel}","templated":true}]}}